{"id":16,"date":"2014-11-12T23:47:24","date_gmt":"2014-11-12T22:47:24","guid":{"rendered":"http:\/\/pqrst.eu\/?page_id=16"},"modified":"2014-11-24T20:56:56","modified_gmt":"2014-11-24T19:56:56","slug":"udvozlet","status":"publish","type":"page","link":"https:\/\/pqrst.eu\/","title":{"rendered":"\u00dcdv\u00f6zlet"},"content":{"rendered":"<p><strong>Tisztelt L\u00e1togat\u00f3!<\/strong><\/p>\n<p>\u00dcdv\u00f6zl\u00f6m a pqrst.eu honlapon, ahol az EKG hull\u00e1mokba nyerhet betekint\u00e9st, illetve e-learning tanfolyamokon kereszt\u00fcl saj\u00e1t\u00edthatja el az EKG elemz\u00e9s alapjait.<\/p>\n<p>Hasznos id\u0151t\u00f6lt\u00e9st k\u00edv\u00e1nok!<\/p>\n<p>RADNAI Bal\u00e1zs<\/p>\n","protected":false},"excerpt":{"rendered":"<p>Tisztelt L\u00e1togat\u00f3! \u00dcdv\u00f6zl\u00f6m a pqrst.eu honlapon, ahol az EKG hull\u00e1mokba nyerhet betekint\u00e9st, illetve e-learning tanfolyamokon kereszt\u00fcl saj\u00e1t\u00edthatja el az EKG elemz\u00e9s alapjait. Hasznos id\u0151t\u00f6lt\u00e9st k\u00edv\u00e1nok! RADNAI Bal\u00e1zs<\/p>\n","protected":false},"author":1,"featured_media":0,"parent":0,"menu_order":0,"comment_status":"closed","ping_status":"closed","template":"template-slider.php","meta":{"footnotes":""},"class_list":["post-16","page","type-page","status-publish","hentry"],"_links":{"self":[{"href":"https:\/\/pqrst.eu\/index.php?rest_route=\/wp\/v2\/pages\/16","targetHints":{"allow":["GET"]}}],"collection":[{"href":"https:\/\/pqrst.eu\/index.php?rest_route=\/wp\/v2\/pages"}],"about":[{"href":"https:\/\/pqrst.eu\/index.php?rest_route=\/wp\/v2\/types\/page"}],"author":[{"embeddable":true,"href":"https:\/\/pqrst.eu\/index.php?rest_route=\/wp\/v2\/users\/1"}],"replies":[{"embeddable":true,"href":"https:\/\/pqrst.eu\/index.php?rest_route=%2Fwp%2Fv2%2Fcomments&post=16"}],"version-history":[{"count":1,"href":"https:\/\/pqrst.eu\/index.php?rest_route=\/wp\/v2\/pages\/16\/revisions"}],"predecessor-version":[{"id":17,"href":"https:\/\/pqrst.eu\/index.php?rest_route=\/wp\/v2\/pages\/16\/revisions\/17"}],"wp:attachment":[{"href":"https:\/\/pqrst.eu\/index.php?rest_route=%2Fwp%2Fv2%2Fmedia&parent=16"}],"curies":[{"name":"wp","href":"https:\/\/api.w.org\/{rel}","templated":true}]}}